


{"id":41441,"date":"2023-05-22T12:07:18","date_gmt":"2023-05-22T10:07:18","guid":{"rendered":"https:\/\/www.nkg.net\/?page_id=41441"},"modified":"2023-05-22T15:37:42","modified_gmt":"2023-05-22T13:37:42","slug":"datenschutzerklaerung-socialmedia","status":"publish","type":"page","link":"https:\/\/www.nkg.net\/de\/datenschutzerklaerung-socialmedia\/","title":{"rendered":"Datenschutzerkl\u00e4rung Social Media"},"content":{"rendered":"<div id=\"datenschutzerklaerung\" class=\"fusion-container-anchor\"><div class=\"fusion-fullwidth fullwidth-box fusion-builder-row-1 fusion-flex-container nonhundred-percent-fullwidth non-hundred-percent-height-scrolling gradient-container-1\" style=\"--awb-border-radius-top-left:0px;--awb-border-radius-top-right:0px;--awb-border-radius-bottom-right:0px;--awb-border-radius-bottom-left:0px;--awb-padding-right-medium:50px;--awb-padding-left-medium:50px;--awb-padding-right-small:20px;--awb-padding-left-small:20px;--awb-margin-top:0px;--awb-margin-bottom:0px;--awb-margin-top-medium:75px;--awb-margin-bottom-medium:75px;--awb-margin-top-small:50px;--awb-margin-bottom-small:50px;--awb-flex-wrap:wrap;\" ><div class=\"fusion-builder-row fusion-row fusion-flex-align-items-flex-start fusion-flex-justify-content-center fusion-flex-content-wrap\" style=\"max-width:1224px;margin-left: calc(-2% \/ 2 );margin-right: calc(-2% \/ 2 );\"><div class=\"fusion-layout-column fusion_builder_column fusion-builder-column-0 fusion_builder_column_1_1 1_1 fusion-flex-column\" style=\"--awb-bg-size:cover;--awb-width-large:100%;--awb-margin-top-large:80px;--awb-spacing-right-large:0.98%;--awb-margin-bottom-large:20px;--awb-spacing-left-large:0.98%;--awb-width-medium:100%;--awb-order-medium:0;--awb-spacing-right-medium:0.98%;--awb-spacing-left-medium:0.98%;--awb-width-small:100%;--awb-order-small:0;--awb-spacing-right-small:0.98%;--awb-spacing-left-small:0.98%;\" data-scroll-devices=\"small-visibility,medium-visibility,large-visibility\"><div class=\"fusion-column-wrapper fusion-column-has-shadow fusion-flex-justify-content-flex-start fusion-content-layout-column\"><div class=\"fusion-text fusion-text-1\" style=\"--awb-text-transform:none;\"><h1 style=\"text-align: center;\">Datenschutzerkl\u00e4rung f\u00fcr unsere Social-Media-Seiten<\/h1>\n<\/div><div class=\"fusion-text fusion-text-2\" style=\"--awb-text-transform:none;\"><p>Wenn Sie unsere Social-Media-Seiten besuchen, werden Sie betreffende Daten verarbeitet. Wir m\u00f6chten Sie daher nachfolgend gem\u00e4\u00df Art. 13 Datenschutz-Grundverordnung (DSGVO) \u00fcber unseren Umgang mit Ihren Daten sowie Ihre hieraus resultierenden Rechte informieren.<\/p>\n<h3>Verantwortlichkeit<\/h3>\n<p>Wir, die Neumann Gruppe GmbH, betreiben folgende Social-Media-Seiten:<\/p>\n<ul>\n<li>LinkedIn: <a href=\"https:\/\/de.linkedin.com\/company\/neumann-kaffee-gruppe\">https:\/\/de.linkedin.com\/company\/neumann-kaffee-gruppe<\/a><\/li>\n<li>XING: <a href=\"https:\/\/www.xing.com\/pages\/neumanngruppegmbh\">https:\/\/www.xing.com\/pages\/neumanngruppegmbh<\/a><\/li>\n<li>Vimeo: <a href=\"https:\/\/vimeo.com\/user83409017\">https:\/\/vimeo.com\/user83409017<\/a><\/li>\n<li>Facebook: <a href=\"https:\/\/www.facebook.com\/nkgbloom\">https:\/\/www.facebook.com\/nkgbloom<\/a><\/li>\n<li>Instagram: <a href=\"https:\/\/www.instagram.com\/nkgbloom\/\">https:\/\/www.instagram.com\/nkgbloom\/<\/a><\/li>\n<\/ul>\n<p>Unsere Kontaktdaten finden Sie im <a href=\"https:\/\/www.nkg.net\/de\/impressum\/\">Impressum<\/a>.<\/p>\n<h3>Datenverarbeitungen durch uns<\/h3>\n<p>Die von Ihnen auf unseren Social-Media-Seiten bereitgestellten Daten, wie zum Beispiel Nutzernamen, Kommentare, Videos, Bilder, Likes, \u00f6ffentliche Nachrichten etc. werden durch die Social-Media-Plattform ver\u00f6ffentlicht und von uns zu keiner Zeit f\u00fcr andere Zwecke verarbeitet. Wir behalten uns lediglich vor, Inhalte zu l\u00f6schen, sofern dies erforderlich sein sollte. Gegebenenfalls teilen wir Ihre Inhalte auf unserer Seite, wenn dies eine Funktion der Social-Media-Plattform ist, und kommunizieren \u00fcber die Social-Media-Plattform mit Ihnen.<\/p>\n<p>Sofern Sie uns eine Anfrage auf der Social-Media-Plattform stellen, verweisen wir je nach Inhalt gegebenenfalls auch auf andere, sichere Kommunikationswege, die die Vertraulichkeit garantieren. Sie haben zum Beispiel jederzeit die M\u00f6glichkeit, uns Ihre Anfragen an die im Impressum genannte Anschrift oder <a href=\"mailto:dataprotection@nkg.coffee\">dataprotection@nkg.coffee<\/a> zu senden. Die Wahl des geeigneten Kommunikationsweges liegt hierbei in Ihrer eigenen Verantwortung.<\/p>\n<p>Rechtsgrundlage der genannten Verarbeitungen Ihrer Daten ist Art. 6 Abs. 1 S. 1 lit. f DSGVO. Die Datenverarbeitung erfolgt in dem berechtigten Interesse, \u00d6ffentlichkeitsarbeit f\u00fcr unser Unternehmen zu betreiben und mit Ihnen kommunizieren zu k\u00f6nnen.<\/p>\n<h3>Datenverarbeitungen in gemeinsamer Verantwortlichkeit<\/h3>\n<p>F\u00fcr einige der Verarbeitungst\u00e4tigkeiten sind wir gemeinsam mit dem jeweiligen Betreiber der Social-Media-Plattform verantwortlich.<\/p>\n<p>Wir haben dementsprechend die erforderliche Vereinbarung gem\u00e4\u00df Art. 26 DSGVO abgeschlossen, sofern der Betreiber der Social-Media-Plattform dies erm\u00f6glicht.<\/p>\n<ul>\n<li>LinkedIn <a href=\"https:\/\/www.linkedin.com\/static?key=privacy_policy\">https:\/\/www.linkedin.com\/static?key=privacy_policy<\/a> | <a href=\"https:\/\/legal.linkedin.com\/pages-joint-controller-addendum\">https:\/\/legal.linkedin.com\/pages-joint-controller-addendum<\/a><\/li>\n<\/ul>\n<ul>\n<li>XING <a href=\"https:\/\/privacy.xing.com\/\">https:\/\/privacy.xing.com\/<\/a><\/li>\n<li>Vimeo: <a href=\"https:\/\/vimeo.com\/privacy\">https:\/\/vimeo.com\/privacy<\/a><\/li>\n<li>Facebook <a href=\"https:\/\/www.facebook.com\/about\/privacy\/update\">https:\/\/www.facebook.com\/about\/privacy\/update<\/a> | <a href=\"https:\/\/www.facebook.com\/legal\/terms\/page_controller_addendum\">https:\/\/www.facebook.com\/legal\/terms\/page_controller_addendum<\/a> | <a href=\"https:\/\/de-de.facebook.com\/legal\/controller_addendum\">https:\/\/de-de.facebook.com\/legal\/controller_addendum<\/a><\/li>\n<li>Instagram <a href=\"https:\/\/www.instagram.com\/legal\/privacy\/\">https:\/\/www.instagram.com\/legal\/privacy\/<\/a><\/li>\n<\/ul>\n<p>Die wesentlichen Bestandteile der gemeinsamen Verantwortlichkeit finden Sie im nachfolgenden Abschnitt.<\/p>\n<h3>Statistiken (Insights)<\/h3>\n<p>Die genutzten Social-Media-Plattformen erstellen regelm\u00e4\u00dfig Statistiken (Insights) auf Basis von Nutzungsdaten, die Informationen \u00fcber Ihre Interaktion mit unserer Social-Media-Seite enthalten. Die Durchf\u00fchrung und Zurverf\u00fcgungstellung dieser Statistiken k\u00f6nnen wir nicht beeinflussen und auch nicht unterbinden.<\/p>\n<p>Optionale Statistiken der Social-Media-Plattform nehmen wir in Anspruch.<\/p>\n<p>Die genannten Informationen (Statistiken) verarbeiten wir nach Art. 6 Abs. 1 S. 1 lit. f DSGVO in dem berechtigten Interesse, den Umgang mit unseren Social-Media-Seiten zu validieren und unsere Inhalte zielgruppenorientiert zu verbessern.<\/p>\n<h3>Datenverarbeitungen durch den Betreiber der Social-Media-Plattform<\/h3>\n<p>Der Betreiber der Social-Media-Plattform setzt Webtrackingmethoden ein. Das Webtracking kann dabei auch unabh\u00e4ngig davon erfolgen, ob Sie bei der Social-Media-Plattform ange\u00admeldet oder registriert sind.<\/p>\n<p>Wir m\u00f6chten Sie daher darauf hinweisen, dass nicht ausgeschlossen werden kann, dass der Betreiber der Social-Media-Plattform Ihre Profil- und Verhaltensdatendaten zu eigenen Zwecken nutzt und auswertet. Wir haben keinen Einfluss auf die Verarbeitung Ihrer Daten durch den Betreiber der Social-Media-Plattform. Bitte beachten Sie dies bei der Nutzung der Social-Media-Plattform.<\/p>\n<p>N\u00e4here Informationen zur Datenverarbeitung durch den Betreiber der Social-Media-Plattform, Konfigurationsm\u00f6glichkeiten zum Schutz Ihrer Privatsph\u00e4re sowie weitere Widerspruchsm\u00f6glichkeiten finden Sie in der Datenschutzerkl\u00e4rung des Betreibers.<\/p>\n<h3>Speicherdauer<\/h3>\n<p>Wir l\u00f6schen Ihre personenbezogenen Daten, wenn sie f\u00fcr die vorgenannten Verarbeitungs\u00adzwecke nicht mehr erforderlich sind und keine gesetzlichen Aufbewahrungspflichten einer L\u00f6schung entgegenstehen.<\/p>\n<h3>Ihre Rechte als Nutzer*in<\/h3>\n<p>Sie haben als Nutzer*in sowohl uns gegen\u00fcber als auch gegen\u00fcber dem Betreiber der Social-Media-Plattform, die M\u00f6glichkeit bei Vorliegen der Voraussetzungen folgende Rechte geltend zu machen:<\/p>\n<p><strong>Auskunftsrecht (Art. 15 DSGVO)<\/strong><br \/>\nSie haben das Recht eine Best\u00e4tigung dar\u00fcber zu verlangen, ob Sie betreffende personen\u00adbezogene Daten verarbeitet werden; ist dies der Fall, so haben Sie ein Recht auf Auskunft \u00fcber diese personenbezogenen Daten und auf die in Art. 15 DSGVO im Einzelnen aufgef\u00fchrten Informationen.<\/p>\n<p><strong>Recht auf Berichtigung und L\u00f6schung (Art. 16 und 17 DSGVO)<\/strong><br \/>\nSie haben das Recht, unverz\u00fcglich die Berichtigung Sie betreffender unrichtiger personen\u00adbezogener Daten und ggf. die Vervollst\u00e4ndigung unvollst\u00e4ndiger personenbezogener Daten zu verlangen. Sie haben zudem das Recht, zu verlangen, dass Sie betreffende personen\u00adbezogene Daten unverz\u00fcglich gel\u00f6scht werden, sofern einer der in Art. 17 DSGVO im Einzelnen aufgef\u00fchrten Gr\u00fcnde zutrifft, z. B. wenn die Daten f\u00fcr die verfolgten Zwecke nicht mehr ben\u00f6tigt werden.<\/p>\n<p><strong>Recht auf Einschr\u00e4nkung der Verarbeitung (Art. 18 DSGVO)<\/strong><br \/>\nSie haben das Recht, die Einschr\u00e4nkung der Verarbeitung zu verlangen, wenn eine der in Art. 18 DSGVO aufgef\u00fchrten Voraussetzungen gegeben ist, zum Beispiel wenn Sie Widerspruch gegen die Verarbeitung eingelegt haben, f\u00fcr die Dauer einer etwaigen Pr\u00fcfung.<\/p>\n<p><strong>Recht auf Daten\u00fcbertragbarkeit (Art. 20 DSGVO)<\/strong><br \/>\nIn bestimmten F\u00e4llen, die in Art. 20 DSGVO im Einzelnen aufgef\u00fchrt werden, haben Sie das Recht, die Sie betreffenden personenbezogenen Daten in einem strukturierten, g\u00e4ngigen und maschinenlesbaren Format zu erhalten bzw. die \u00dcbermittlung dieser Daten an einen Dritten zu verlangen.<\/p>\n<p><strong>Widerspruchsrecht (Art. 21 DSGVO)<\/strong><br \/>\nWerden Daten auf Grundlage unseres berechtigten Interesses gem\u00e4\u00df Art. 6 Abs. 1 S. 1 lit. f DSGVO verarbeitet, steht Ihnen das Recht zu, aus Gr\u00fcnden, die sich aus Ihrer besonderen Situation ergeben, jederzeit gegen die Verarbeitung Widerspruch einzulegen. Wir verarbeiten die personenbezogenen Daten dann nicht mehr, es sei denn, es liegen nachweisbar zwingende schutzw\u00fcrdige Gr\u00fcnde f\u00fcr die Verarbeitung vor, die Ihre Interessen, Rechte und Freiheiten \u00fcberwiegen, oder die Verarbeitung dient der Geltend\u00admachung, Aus\u00fcbung oder Verteidigung von Rechtsanspr\u00fcchen.<\/p>\n<p>Werden die Daten auf Grundlage des berechtigten Interesses zum Zwecke der Direktwer\u00adbung verarbeitet, steht Ihnen ein eigenes Widerspruchsrecht zu, das Sie jederzeit ohne Angabe von Gr\u00fcnden geltend machen k\u00f6nnen und dessen Aus\u00fcbung zur Beendigung der Verarbeitung zum Zwecke der Direktwerbung f\u00fchrt.<\/p>\n<p><strong>Widerrufsrecht (Art. 7 DSGVO)<\/strong><br \/>\nSofern die Verarbeitung von Daten auf Grundlage Ihrer Einwilligung erfolgt, sind Sie nach Art. 7 Abs. 3 DSGVO berechtigt, die Einwilligung in die Verwendung Ihrer personenbezogenen Daten jederzeit zu widerrufen. Bitte beachten Sie, dass der Widerruf erst f\u00fcr die Zukunft wirkt. Verarbeitungen, die vor dem Widerruf erfolgt sind, sind davon nicht betroffen.<\/p>\n<p><strong>Beschwerderecht bei einer Aufsichtsbeh\u00f6rde<\/strong><br \/>\nSie haben gem. Art. 77 DSGVO das Recht auf Beschwerde bei einer Aufsichtsbeh\u00f6rde, wenn Sie der Ansicht sind, dass die Verarbeitung der Sie betreffenden Daten gegen datenschutzrechtliche Bestimmungen verst\u00f6\u00dft. Das Beschwerderecht kann insbesondere bei einer Aufsichtsbeh\u00f6rde in dem Mitgliedstaat Ihres Aufenthaltsorts, Ihres Arbeitsplatzes oder des Orts des mutma\u00dflichen Versto\u00dfes geltend gemacht werden.<\/p>\n<h3>Kontakt f\u00fcr Fragen zum Datenschutz<\/h3>\n<p>Wenn Sie Fragen zur Verarbeitung Ihrer pers\u00f6nlichen Daten haben, k\u00f6nnen Sie NG \u00fcber\u00a0dataprotection@nkg.coffee\u00a0kontaktieren.<\/p>\n<\/div><div class=\"fusion-separator fusion-full-width-sep\" style=\"align-self: center;margin-left: auto;margin-right: auto;margin-bottom:80px;width:100%;\"><\/div><\/div><\/div><\/div><\/div><\/div>\n","protected":false},"excerpt":{"rendered":"","protected":false},"author":4,"featured_media":0,"parent":0,"menu_order":19,"comment_status":"open","ping_status":"closed","template":"100-width.php","meta":{"_acf_changed":false,"inline_featured_image":false,"footnotes":""},"class_list":["post-41441","page","type-page","status-publish","hentry"],"acf":[],"yoast_head":"<!-- This site is optimized with the Yoast SEO plugin v27.1.1 - https:\/\/yoast.com\/product\/yoast-seo-wordpress\/ -->\n<title>Datenschutzerkl\u00e4rung Social Media - Neumann Kaffee Gruppe (NKG)<\/title>\n<meta name=\"robots\" content=\"index, follow, max-snippet:-1, max-image-preview:large, max-video-preview:-1\" \/>\n<link rel=\"canonical\" href=\"https:\/\/www.nkg.net\/de\/datenschutzerklaerung-socialmedia\/\" \/>\n<meta property=\"og:locale\" content=\"de_DE\" \/>\n<meta property=\"og:type\" content=\"article\" \/>\n<meta property=\"og:title\" content=\"Datenschutzerkl\u00e4rung Social Media - Neumann Kaffee Gruppe (NKG)\" \/>\n<meta property=\"og:url\" content=\"https:\/\/www.nkg.net\/de\/datenschutzerklaerung-socialmedia\/\" \/>\n<meta property=\"og:site_name\" content=\"Neumann Kaffee Gruppe (NKG)\" \/>\n<meta property=\"article:modified_time\" content=\"2023-05-22T13:37:42+00:00\" \/>\n<meta property=\"og:image\" content=\"https:\/\/www.nkg.net\/wp-content\/uploads\/2022\/07\/home-preview.jpg\" \/>\n\t<meta property=\"og:image:width\" content=\"1200\" \/>\n\t<meta property=\"og:image:height\" content=\"627\" \/>\n\t<meta property=\"og:image:type\" content=\"image\/jpeg\" \/>\n<meta name=\"twitter:card\" content=\"summary_large_image\" \/>\n<meta name=\"twitter:label1\" content=\"Gesch\u00e4tzte Lesezeit\" \/>\n\t<meta name=\"twitter:data1\" content=\"6\u00a0Minuten\" \/>\n<script type=\"application\/ld+json\" class=\"yoast-schema-graph\">{\"@context\":\"https:\/\/schema.org\",\"@graph\":[{\"@type\":\"WebPage\",\"@id\":\"https:\/\/www.nkg.net\/de\/datenschutzerklaerung-socialmedia\/\",\"url\":\"https:\/\/www.nkg.net\/de\/datenschutzerklaerung-socialmedia\/\",\"name\":\"Datenschutzerkl\u00e4rung Social Media - Neumann Kaffee Gruppe (NKG)\",\"isPartOf\":{\"@id\":\"https:\/\/www.nkg.net\/#website\"},\"datePublished\":\"2023-05-22T10:07:18+00:00\",\"dateModified\":\"2023-05-22T13:37:42+00:00\",\"breadcrumb\":{\"@id\":\"https:\/\/www.nkg.net\/de\/datenschutzerklaerung-socialmedia\/#breadcrumb\"},\"inLanguage\":\"de\",\"potentialAction\":[{\"@type\":\"ReadAction\",\"target\":[\"https:\/\/www.nkg.net\/de\/datenschutzerklaerung-socialmedia\/\"]}]},{\"@type\":\"BreadcrumbList\",\"@id\":\"https:\/\/www.nkg.net\/de\/datenschutzerklaerung-socialmedia\/#breadcrumb\",\"itemListElement\":[{\"@type\":\"ListItem\",\"position\":1,\"name\":\"Home\",\"item\":\"https:\/\/www.nkg.net\/de\/\"},{\"@type\":\"ListItem\",\"position\":2,\"name\":\"Datenschutzerkl\u00e4rung Social Media\"}]},{\"@type\":\"WebSite\",\"@id\":\"https:\/\/www.nkg.net\/#website\",\"url\":\"https:\/\/www.nkg.net\/\",\"name\":\"Neumann Kaffee Gruppe (NKG)\",\"description\":\"Neumann Kaffee Gruppe (NKG) is the world&#039;s leading green coffee service group.\",\"publisher\":{\"@id\":\"https:\/\/www.nkg.net\/#organization\"},\"potentialAction\":[{\"@type\":\"SearchAction\",\"target\":{\"@type\":\"EntryPoint\",\"urlTemplate\":\"https:\/\/www.nkg.net\/?s={search_term_string}\"},\"query-input\":{\"@type\":\"PropertyValueSpecification\",\"valueRequired\":true,\"valueName\":\"search_term_string\"}}],\"inLanguage\":\"de\"},{\"@type\":\"Organization\",\"@id\":\"https:\/\/www.nkg.net\/#organization\",\"name\":\"Neumann Kaffee Gruppe (NKG)\",\"url\":\"https:\/\/www.nkg.net\/\",\"logo\":{\"@type\":\"ImageObject\",\"inLanguage\":\"de\",\"@id\":\"https:\/\/www.nkg.net\/#\/schema\/logo\/image\/\",\"url\":\"https:\/\/www.nkg.net\/wp-content\/uploads\/2021\/09\/NKG_Logo_left-1.svg\",\"contentUrl\":\"https:\/\/www.nkg.net\/wp-content\/uploads\/2021\/09\/NKG_Logo_left-1.svg\",\"width\":\"1024\",\"height\":\"1024\",\"caption\":\"Neumann Kaffee Gruppe (NKG)\"},\"image\":{\"@id\":\"https:\/\/www.nkg.net\/#\/schema\/logo\/image\/\"},\"sameAs\":[\"https:\/\/de.linkedin.com\/company\/neumann-kaffee-gruppe\",\"https:\/\/www.xing.com\/pages\/neumanngruppegmbh\",\"https:\/\/vimeo.com\/user83409017\"]}]}<\/script>\n<!-- \/ Yoast SEO plugin. -->","yoast_head_json":{"title":"Datenschutzerkl\u00e4rung Social Media - Neumann Kaffee Gruppe (NKG)","robots":{"index":"index","follow":"follow","max-snippet":"max-snippet:-1","max-image-preview":"max-image-preview:large","max-video-preview":"max-video-preview:-1"},"canonical":"https:\/\/www.nkg.net\/de\/datenschutzerklaerung-socialmedia\/","og_locale":"de_DE","og_type":"article","og_title":"Datenschutzerkl\u00e4rung Social Media - Neumann Kaffee Gruppe (NKG)","og_url":"https:\/\/www.nkg.net\/de\/datenschutzerklaerung-socialmedia\/","og_site_name":"Neumann Kaffee Gruppe (NKG)","article_modified_time":"2023-05-22T13:37:42+00:00","og_image":[{"width":1200,"height":627,"url":"https:\/\/www.nkg.net\/wp-content\/uploads\/2022\/07\/home-preview.jpg","type":"image\/jpeg"}],"twitter_card":"summary_large_image","twitter_misc":{"Gesch\u00e4tzte Lesezeit":"6\u00a0Minuten"},"schema":{"@context":"https:\/\/schema.org","@graph":[{"@type":"WebPage","@id":"https:\/\/www.nkg.net\/de\/datenschutzerklaerung-socialmedia\/","url":"https:\/\/www.nkg.net\/de\/datenschutzerklaerung-socialmedia\/","name":"Datenschutzerkl\u00e4rung Social Media - Neumann Kaffee Gruppe (NKG)","isPartOf":{"@id":"https:\/\/www.nkg.net\/#website"},"datePublished":"2023-05-22T10:07:18+00:00","dateModified":"2023-05-22T13:37:42+00:00","breadcrumb":{"@id":"https:\/\/www.nkg.net\/de\/datenschutzerklaerung-socialmedia\/#breadcrumb"},"inLanguage":"de","potentialAction":[{"@type":"ReadAction","target":["https:\/\/www.nkg.net\/de\/datenschutzerklaerung-socialmedia\/"]}]},{"@type":"BreadcrumbList","@id":"https:\/\/www.nkg.net\/de\/datenschutzerklaerung-socialmedia\/#breadcrumb","itemListElement":[{"@type":"ListItem","position":1,"name":"Home","item":"https:\/\/www.nkg.net\/de\/"},{"@type":"ListItem","position":2,"name":"Datenschutzerkl\u00e4rung Social Media"}]},{"@type":"WebSite","@id":"https:\/\/www.nkg.net\/#website","url":"https:\/\/www.nkg.net\/","name":"Neumann Kaffee Gruppe (NKG)","description":"Neumann Kaffee Gruppe (NKG) is the world&#039;s leading green coffee service group.","publisher":{"@id":"https:\/\/www.nkg.net\/#organization"},"potentialAction":[{"@type":"SearchAction","target":{"@type":"EntryPoint","urlTemplate":"https:\/\/www.nkg.net\/?s={search_term_string}"},"query-input":{"@type":"PropertyValueSpecification","valueRequired":true,"valueName":"search_term_string"}}],"inLanguage":"de"},{"@type":"Organization","@id":"https:\/\/www.nkg.net\/#organization","name":"Neumann Kaffee Gruppe (NKG)","url":"https:\/\/www.nkg.net\/","logo":{"@type":"ImageObject","inLanguage":"de","@id":"https:\/\/www.nkg.net\/#\/schema\/logo\/image\/","url":"https:\/\/www.nkg.net\/wp-content\/uploads\/2021\/09\/NKG_Logo_left-1.svg","contentUrl":"https:\/\/www.nkg.net\/wp-content\/uploads\/2021\/09\/NKG_Logo_left-1.svg","width":"1024","height":"1024","caption":"Neumann Kaffee Gruppe (NKG)"},"image":{"@id":"https:\/\/www.nkg.net\/#\/schema\/logo\/image\/"},"sameAs":["https:\/\/de.linkedin.com\/company\/neumann-kaffee-gruppe","https:\/\/www.xing.com\/pages\/neumanngruppegmbh","https:\/\/vimeo.com\/user83409017"]}]}},"_links":{"self":[{"href":"https:\/\/www.nkg.net\/de\/wp-json\/wp\/v2\/pages\/41441","targetHints":{"allow":["GET"]}}],"collection":[{"href":"https:\/\/www.nkg.net\/de\/wp-json\/wp\/v2\/pages"}],"about":[{"href":"https:\/\/www.nkg.net\/de\/wp-json\/wp\/v2\/types\/page"}],"author":[{"embeddable":true,"href":"https:\/\/www.nkg.net\/de\/wp-json\/wp\/v2\/users\/4"}],"replies":[{"embeddable":true,"href":"https:\/\/www.nkg.net\/de\/wp-json\/wp\/v2\/comments?post=41441"}],"version-history":[{"count":9,"href":"https:\/\/www.nkg.net\/de\/wp-json\/wp\/v2\/pages\/41441\/revisions"}],"predecessor-version":[{"id":41464,"href":"https:\/\/www.nkg.net\/de\/wp-json\/wp\/v2\/pages\/41441\/revisions\/41464"}],"wp:attachment":[{"href":"https:\/\/www.nkg.net\/de\/wp-json\/wp\/v2\/media?parent=41441"}],"curies":[{"name":"wp","href":"https:\/\/api.w.org\/{rel}","templated":true}]}}