


{"id":27381,"date":"2022-06-09T16:57:25","date_gmt":"2022-06-09T14:57:25","guid":{"rendered":"https:\/\/www.nkg.net\/impressum\/"},"modified":"2025-03-28T14:30:47","modified_gmt":"2025-03-28T13:30:47","slug":"impressum","status":"publish","type":"page","link":"https:\/\/www.nkg.net\/de\/impressum\/","title":{"rendered":"Impressum"},"content":{"rendered":"<p><div id=\"responsible-business-program\" class=\"fusion-container-anchor\"><div class=\"fusion-fullwidth fullwidth-box fusion-builder-row-1 fusion-flex-container nonhundred-percent-fullwidth non-hundred-percent-height-scrolling gradient-container-1\" style=\"--awb-border-radius-top-left:0px;--awb-border-radius-top-right:0px;--awb-border-radius-bottom-right:0px;--awb-border-radius-bottom-left:0px;--awb-padding-right-medium:50px;--awb-padding-left-medium:50px;--awb-padding-right-small:20px;--awb-padding-left-small:20px;--awb-margin-top:100px;--awb-margin-bottom:50px;--awb-margin-top-medium:75px;--awb-margin-bottom-medium:75px;--awb-margin-top-small:50px;--awb-margin-bottom-small:50px;--awb-flex-wrap:wrap;\" ><div class=\"fusion-builder-row fusion-row fusion-flex-align-items-flex-start fusion-flex-justify-content-center fusion-flex-content-wrap\" style=\"max-width:1224px;margin-left: calc(-2% \/ 2 );margin-right: calc(-2% \/ 2 );\"><div class=\"fusion-layout-column fusion_builder_column fusion-builder-column-0 fusion_builder_column_1_1 1_1 fusion-flex-column\" style=\"--awb-bg-size:cover;--awb-width-large:100%;--awb-margin-top-large:0px;--awb-spacing-right-large:0.98%;--awb-margin-bottom-large:20px;--awb-spacing-left-large:0.98%;--awb-width-medium:100%;--awb-order-medium:0;--awb-spacing-right-medium:0.98%;--awb-spacing-left-medium:0.98%;--awb-width-small:100%;--awb-order-small:0;--awb-spacing-right-small:0.98%;--awb-spacing-left-small:0.98%;\"><div class=\"fusion-column-wrapper fusion-column-has-shadow fusion-flex-justify-content-flex-start fusion-content-layout-column\"><div class=\"fusion-text fusion-text-1\" style=\"--awb-text-transform:none;\"><h1 style=\"text-align: center;\">Impressum<\/h1>\n<\/div><\/div><\/div><div class=\"fusion-layout-column fusion_builder_column fusion-builder-column-1 fusion_builder_column_1_2 1_2 fusion-flex-column\" style=\"--awb-bg-size:cover;--awb-width-large:50%;--awb-margin-top-large:0px;--awb-spacing-right-large:1.96%;--awb-margin-bottom-large:20px;--awb-spacing-left-large:1.96%;--awb-width-medium:80%;--awb-order-medium:0;--awb-spacing-right-medium:1.225%;--awb-spacing-left-medium:1.225%;--awb-width-small:100%;--awb-order-small:0;--awb-spacing-right-small:0.98%;--awb-spacing-left-small:0.98%;\"><div class=\"fusion-column-wrapper fusion-column-has-shadow fusion-flex-justify-content-flex-start fusion-content-layout-column\"><div class=\"fusion-text fusion-text-2\"><p><strong>Angaben gem\u00e4\u00df \u00a75 TMG<\/strong><br \/>\nNeumann Gruppe GmbH<br \/>\nCoffee Plaza<br \/>\nAm Sandtorpark 4<br \/>\n20457 Hamburg<br \/>\nGermany<\/p>\n<p><strong>Vertreten durch:<\/strong><br \/>\nDavid M. Neumann | Justin Schulze-Smidt | Maren Uzarek<\/p>\n<p><strong>Inhaltlich Verantwortliche gem\u00e4\u00df \u00a755 Abs. 2 RStV<\/strong><br \/>\nLena Tippel, Group Communications (address as above)<\/p>\n<p><strong>Kontakt:<\/strong><br \/>\nTel.: +49 (0) 40 \u2013 36123-0<br \/>\nFax: +49 (40) 36123 400<br \/>\nE-Mail: info@nkg.coffee<\/p>\n<\/div><\/div><\/div><div class=\"fusion-layout-column fusion_builder_column fusion-builder-column-2 fusion_builder_column_1_2 1_2 fusion-flex-column\" style=\"--awb-bg-size:cover;--awb-width-large:50%;--awb-margin-top-large:0px;--awb-spacing-right-large:1.96%;--awb-margin-bottom-large:20px;--awb-spacing-left-large:1.96%;--awb-width-medium:80%;--awb-order-medium:0;--awb-spacing-right-medium:1.225%;--awb-spacing-left-medium:1.225%;--awb-width-small:100%;--awb-order-small:0;--awb-spacing-right-small:0.98%;--awb-spacing-left-small:0.98%;\"><div class=\"fusion-column-wrapper fusion-column-has-shadow fusion-flex-justify-content-flex-start fusion-content-layout-column\"><div class=\"fusion-text fusion-text-3\"><p style=\"text-align: left;\"><strong>Postanschrift:<\/strong><br \/>\nNeumann Gruppe GmbH<br \/>\nP.O. Box 11 06 29<br \/>\n20406 Hamburg<br \/>\nGermany<\/p>\n<p style=\"text-align: left;\"><strong>Umsatzsteuer-ID<br \/>\n<\/strong>Umsatzsteuer-Identifikationsnummer gem\u00e4\u00df \u00a727 a Umsatzsteuergesetz:<br \/>\nDE118514227<\/p>\n<p>Amtsgericht Hamburg, HRB 66888<\/p>\n<\/div><\/div><\/div><\/div><\/div><\/div><div class=\"fusion-fullwidth fullwidth-box fusion-builder-row-2 fusion-flex-container nonhundred-percent-fullwidth non-hundred-percent-height-scrolling gradient-container-2\" style=\"--awb-border-radius-top-left:0px;--awb-border-radius-top-right:0px;--awb-border-radius-bottom-right:0px;--awb-border-radius-bottom-left:0px;--awb-padding-right-small:20px;--awb-padding-left-small:20px;--awb-margin-top:100px;--awb-margin-bottom:50px;--awb-margin-top-medium:75px;--awb-margin-bottom-medium:75px;--awb-margin-top-small:50px;--awb-margin-bottom-small:50px;--awb-flex-wrap:wrap;\" ><div class=\"fusion-builder-row fusion-row fusion-flex-align-items-flex-start fusion-flex-justify-content-center fusion-flex-content-wrap\" style=\"max-width:1224px;margin-left: calc(-2% \/ 2 );margin-right: calc(-2% \/ 2 );\"><div class=\"fusion-layout-column fusion_builder_column fusion-builder-column-3 fusion_builder_column_1_1 1_1 fusion-flex-column\" style=\"--awb-bg-size:cover;--awb-width-large:100%;--awb-margin-top-large:0px;--awb-spacing-right-large:0.98%;--awb-margin-bottom-large:20px;--awb-spacing-left-large:0.98%;--awb-width-medium:80%;--awb-order-medium:0;--awb-spacing-right-medium:1.225%;--awb-spacing-left-medium:1.225%;--awb-width-small:100%;--awb-order-small:0;--awb-spacing-right-small:0.98%;--awb-spacing-left-small:0.98%;\"><div class=\"fusion-column-wrapper fusion-column-has-shadow fusion-flex-justify-content-flex-start fusion-content-layout-column\"><div class=\"fusion-text fusion-text-4\" style=\"--awb-text-transform:none;\"><h1 style=\"text-align: center;\">Allgemeine Nutzungsbedingungen<\/h1>\n<\/div><div class=\"elegant-empty-space space-vertical fusion-clearfix \" style=\"height:50px;\"><\/div><div class=\"fusion-text fusion-text-5\"><p>Bitte besuchen Sie diese Seite regelm\u00e4ssig, um sich \u00fcber die jeweils g\u00fcltige Fassung unserer Allgemeinen Nutzungsbedingungen zu informieren.<\/p>\n<h5>Anwendungsbereich<\/h5>\n<p>Eine Nutzung dieser von der Neumann Gruppe GmbH (im folgenden: \u201cAnbieter\u201d) angebotenen Web-Seiten (im folgenden: \u201cWebsite\u201d) ist ausschlie\u00dflich aufgrund dieser Bedingungen zul\u00e4ssig. Der Anbieter hat das Recht, diese Allgemeinen Nutzungsbedingungen jederzeit zu erg\u00e4nzen, zu modifizieren oder Bedingungen ganz oder teilweise zu ersetzen. Durch Aufnahme der Nutzung wird die Geltung dieser Nutzungsbedingungen in ihrer jeweiligen Fassung akzeptiert.<\/p>\n<p>Sofern der Nutzer bei Nutzung der Website in Aus\u00fcbung einer gewerblichen oder selbst\u00e4ndigen beruflichen T\u00e4tigkeit oder f\u00fcr eine \u00f6ffentliche K\u00f6rperschaft handelt, findet \u00a7312e I 1 Nr. 1 bis 3 des B\u00fcrgerlichen Gesetzbuches keine Anwendung. Bei Text- und Bildinformationen, Dateien, Software und sonstigen zur Verf\u00fcgung gestellten Inhalten dieser Website (im folgenden: \u201eInhalte\u201d), die sich an Unternehmen oder \u00f6ffentliche K\u00f6rperschaften richten, wird das jeweilige Unternehmen oder die K\u00f6rperschaft durch den Nutzer vertreten und muss sich dessen Handeln und Wissen zurechnen lassen.<\/p>\n<h5>Verf\u00fcgbarkeit<\/h5>\n<p>Der Anbieter h\u00e4lt auf der Website Inhalte zum Abruf oder Herunterladen bereit. Der Anbieter ist berechtigt, jederzeit die Verf\u00fcgbarkeit dieser angebotenen Inhalte einzuschr\u00e4nken und den Betrieb der Website ganz oder teilweise einzustellen. Der Anbieter \u00fcbernimmt keine Gew\u00e4hr f\u00fcr die ununterbrochene Verf\u00fcgbarkeit der Website.<strong><br \/>\n<\/strong><\/p>\n<h5>Urheberrecht<\/h5>\n<p>Die durch die Seitenbetreiber erstellten Inhalte und Werke auf diesen Seiten unterliegen dem deutschen Urheberrecht. Die Vervielf\u00e4ltigung, Bearbeitung, Verbreitung und jede Art der Verwertung au\u00dferhalb der Grenzen des Urheberrechtes bed\u00fcrfen der schriftlichen Zustimmung des jeweiligen Autors bzw. Erstellers. Downloads und Kopien dieser Seite sind nur f\u00fcr den privaten, nicht kommerziellen Gebrauch gestattet. Soweit die Inhalte auf dieser Seite nicht vom Betreiber erstellt wurden, werden die Urheberrechte Dritter beachtet. Insbesondere werden Inhalte Dritter als solche gekennzeichnet. Sollten Sie trotzdem auf eine Urheberrechtsverletzung aufmerksam werden, bitten wir um einen entsprechenden Hinweis. Bei Bekanntwerden von Rechtsverletzungen werden wir derartige Inhalte umgehend entfernen.<\/p>\n<h5>Rechte<\/h5>\n<p>Inhalte dieser Website d\u00fcrfen ohne vorherige schriftliche Genehmigung des Anbieters weder ver\u00e4ndert, kopiert, vervielf\u00e4ltigt, verkauft, vermietet, genutzt, erg\u00e4nzt oder sonst wie verwertet werden. Soweit der Nutzer auf der Website Ideen und Anregungen hinterlegt, darf der Anbieter diese zur Entwicklung, Verbesserung und zum Vertrieb der eigenen Produkte und Leistungen unentgeltlich verwerten.<\/p>\n<p>Der Anbieter r\u00e4umt dem Nutzer ein nicht ausschlie\u00dfliches und nicht \u00fcbertragbares Recht ein, die auf der Website \u00fcberlassenen Inhalte in dem Umfang zu nutzen, wie es dem mit der Bereitstellung und \u00dcberlassung durch den Anbieter verfolgten Zweck entspricht. Inhalte d\u00fcrfen vom Nutzer zu keiner Zeit an Dritte vertrieben, vermietet oder in sonstiger Weise \u00fcberlassen werden. Soweit nicht zwingende rechtliche Vorschriften etwas anderes erlauben, darf der Nutzer weder Inhalte \u00e4ndern, zur\u00fcckentwickeln oder -\u00fcbersetzen noch darf er Teile aus der Website herausl\u00f6sen.<\/p>\n<p>Die Inhalte und diese Website in Funktion und individueller Gestaltung sind sowohl durch Urheberrechtsgesetze als auch internationale Urheberrechtsvertr\u00e4ge sowie durch andere Gesetze und Vereinbarungen \u00fcber geistiges Eigentum gesch\u00fctzt. Der Nutzer wird diese Rechte beachten. Die \u00a7\u00a7 69a ff. Urheberrechtsgesetz bleiben im \u00fcbrigen unber\u00fchrt.<\/p>\n<p>Dem Nutzer werden \u00fcber die in dieser Ziffer genannten Nutzungsrechte keine weiteren Rechte einger\u00e4umt, insbesondere nicht an dem Namen\/der Firma des Anbieters und an gewerblichen Schutzrechten wie Patenten, Gebrauchsmustern oder Marken. Dem Anbieter trifft keine Pflicht, derartige Rechte einzur\u00e4umen.<\/p>\n<h5>Pflichten<\/h5>\n<p>Der Nutzer darf bei Nutzung der Website nicht Personen Schaden zuf\u00fcgen oder deren Pers\u00f6nlichkeitsrechte verletzen, mit seinem Nutzungsverhalten gegen die guten Sitten versto\u00dfen, gewerbliche Schutz- und Urheberrechte oder sonstige Eigentumsrechte verletzen, Inhalte mit Viren, sog. Trojanischen Pferden oder sonstige Programmierungen, die Software besch\u00e4digen k\u00f6nnen, \u00fcbermitteln, Hyperlinks oder Inhalte eingeben, speichern oder senden, zu denen er nicht befugt ist, insbesondere wenn diese Hyperlinks oder Inhalte gegen Geheimhaltungsverpflichtungen versto\u00dfen oder rechtswidrig sind oder Werbung oder unaufgeforderte E-Mails (sogenannten \u201cSpam\u201d) oder unzutreffende Warnungen vor Viren, Fehlfunktionen und dergleichen verbreiten oder zur Teilnahme an Gewinnspielen, Schneeballsystemen, Kettenbrief-, Pyramidenspiel- und vergleichbaren Aktionen auffordern.<\/p>\n<h5>Sonstiges<\/h5>\n<p>Nebenabreden bed\u00fcrfen der Schriftform. Es gelten die Gesetze der Bundesrepublik Deutschland unter Ausschluss des UN-Kaufrechts. Die Website wird vom Sitz des Anbieters aus betrieben und verantwortet. Der Anbieter \u00fcbernimmt keine Verantwortung daf\u00fcr, dass die Inhalte der Website auch an Orten au\u00dferhalb des Geltungsbereichs der Gesetze der Bundesrepublik Deutschland abgerufen oder heruntergeladen werden d\u00fcrfen. Wenn Nutzer von Orten au\u00dferhalb des Geltungsbereichs der Gesetze der Bundesrepublik Deutschland auf die Website zugreifen, sind sie ausschlie\u00dflich selbst f\u00fcr die Einhaltung der nach dem jeweiligen Landesrecht einschl\u00e4gigen Vorschriften verantwortlich. Die Nutzung der Website aus L\u00e4ndern, in denen der Zugang zu dieser Website rechtswidrig ist oder Inhalte dieser Website als rechtswidrig eingestuft werden, ist nicht gestattet.<\/p>\n<h5>Gerichtsstand<\/h5>\n<p>Gerichtsstand ist Hamburg, Bundesrepublik Deutschland.<\/p>\n<\/div><\/div><\/div><\/div><\/div><\/p>\n","protected":false},"excerpt":{"rendered":"","protected":false},"author":4,"featured_media":0,"parent":0,"menu_order":21,"comment_status":"open","ping_status":"closed","template":"100-width.php","meta":{"_acf_changed":false,"inline_featured_image":false,"footnotes":""},"class_list":["post-27381","page","type-page","status-publish","hentry"],"acf":[],"yoast_head":"<!-- This site is optimized with the Yoast SEO plugin v27.1.1 - https:\/\/yoast.com\/product\/yoast-seo-wordpress\/ -->\n<title>Impressum - Neumann Kaffee Gruppe (NKG)<\/title>\n<meta name=\"robots\" content=\"index, follow, max-snippet:-1, max-image-preview:large, max-video-preview:-1\" \/>\n<link rel=\"canonical\" href=\"https:\/\/www.nkg.net\/de\/impressum\/\" \/>\n<meta property=\"og:locale\" content=\"de_DE\" \/>\n<meta property=\"og:type\" content=\"article\" \/>\n<meta property=\"og:title\" content=\"Impressum - Neumann Kaffee Gruppe (NKG)\" \/>\n<meta property=\"og:url\" content=\"https:\/\/www.nkg.net\/de\/impressum\/\" \/>\n<meta property=\"og:site_name\" content=\"Neumann Kaffee Gruppe (NKG)\" \/>\n<meta property=\"article:modified_time\" content=\"2025-03-28T13:30:47+00:00\" \/>\n<meta property=\"og:image\" content=\"https:\/\/www.nkg.net\/wp-content\/uploads\/2022\/07\/home-preview.jpg\" \/>\n\t<meta property=\"og:image:width\" content=\"1200\" \/>\n\t<meta property=\"og:image:height\" content=\"627\" \/>\n\t<meta property=\"og:image:type\" content=\"image\/jpeg\" \/>\n<meta name=\"twitter:card\" content=\"summary_large_image\" \/>\n<meta name=\"twitter:label1\" content=\"Gesch\u00e4tzte Lesezeit\" \/>\n\t<meta name=\"twitter:data1\" content=\"4\u00a0Minuten\" \/>\n<script type=\"application\/ld+json\" class=\"yoast-schema-graph\">{\"@context\":\"https:\/\/schema.org\",\"@graph\":[{\"@type\":\"WebPage\",\"@id\":\"https:\/\/www.nkg.net\/de\/impressum\/\",\"url\":\"https:\/\/www.nkg.net\/de\/impressum\/\",\"name\":\"Impressum - Neumann Kaffee Gruppe (NKG)\",\"isPartOf\":{\"@id\":\"https:\/\/www.nkg.net\/#website\"},\"datePublished\":\"2022-06-09T14:57:25+00:00\",\"dateModified\":\"2025-03-28T13:30:47+00:00\",\"breadcrumb\":{\"@id\":\"https:\/\/www.nkg.net\/de\/impressum\/#breadcrumb\"},\"inLanguage\":\"de\",\"potentialAction\":[{\"@type\":\"ReadAction\",\"target\":[\"https:\/\/www.nkg.net\/de\/impressum\/\"]}]},{\"@type\":\"BreadcrumbList\",\"@id\":\"https:\/\/www.nkg.net\/de\/impressum\/#breadcrumb\",\"itemListElement\":[{\"@type\":\"ListItem\",\"position\":1,\"name\":\"Home\",\"item\":\"https:\/\/www.nkg.net\/de\/\"},{\"@type\":\"ListItem\",\"position\":2,\"name\":\"Impressum\"}]},{\"@type\":\"WebSite\",\"@id\":\"https:\/\/www.nkg.net\/#website\",\"url\":\"https:\/\/www.nkg.net\/\",\"name\":\"Neumann Kaffee Gruppe (NKG)\",\"description\":\"Neumann Kaffee Gruppe (NKG) is the world&#039;s leading green coffee service group.\",\"publisher\":{\"@id\":\"https:\/\/www.nkg.net\/#organization\"},\"potentialAction\":[{\"@type\":\"SearchAction\",\"target\":{\"@type\":\"EntryPoint\",\"urlTemplate\":\"https:\/\/www.nkg.net\/?s={search_term_string}\"},\"query-input\":{\"@type\":\"PropertyValueSpecification\",\"valueRequired\":true,\"valueName\":\"search_term_string\"}}],\"inLanguage\":\"de\"},{\"@type\":\"Organization\",\"@id\":\"https:\/\/www.nkg.net\/#organization\",\"name\":\"Neumann Kaffee Gruppe (NKG)\",\"url\":\"https:\/\/www.nkg.net\/\",\"logo\":{\"@type\":\"ImageObject\",\"inLanguage\":\"de\",\"@id\":\"https:\/\/www.nkg.net\/#\/schema\/logo\/image\/\",\"url\":\"https:\/\/www.nkg.net\/wp-content\/uploads\/2021\/09\/NKG_Logo_left-1.svg\",\"contentUrl\":\"https:\/\/www.nkg.net\/wp-content\/uploads\/2021\/09\/NKG_Logo_left-1.svg\",\"width\":\"1024\",\"height\":\"1024\",\"caption\":\"Neumann Kaffee Gruppe (NKG)\"},\"image\":{\"@id\":\"https:\/\/www.nkg.net\/#\/schema\/logo\/image\/\"},\"sameAs\":[\"https:\/\/de.linkedin.com\/company\/neumann-kaffee-gruppe\",\"https:\/\/www.xing.com\/pages\/neumanngruppegmbh\",\"https:\/\/vimeo.com\/user83409017\"]}]}<\/script>\n<!-- \/ Yoast SEO plugin. -->","yoast_head_json":{"title":"Impressum - Neumann Kaffee Gruppe (NKG)","robots":{"index":"index","follow":"follow","max-snippet":"max-snippet:-1","max-image-preview":"max-image-preview:large","max-video-preview":"max-video-preview:-1"},"canonical":"https:\/\/www.nkg.net\/de\/impressum\/","og_locale":"de_DE","og_type":"article","og_title":"Impressum - Neumann Kaffee Gruppe (NKG)","og_url":"https:\/\/www.nkg.net\/de\/impressum\/","og_site_name":"Neumann Kaffee Gruppe (NKG)","article_modified_time":"2025-03-28T13:30:47+00:00","og_image":[{"width":1200,"height":627,"url":"https:\/\/www.nkg.net\/wp-content\/uploads\/2022\/07\/home-preview.jpg","type":"image\/jpeg"}],"twitter_card":"summary_large_image","twitter_misc":{"Gesch\u00e4tzte Lesezeit":"4\u00a0Minuten"},"schema":{"@context":"https:\/\/schema.org","@graph":[{"@type":"WebPage","@id":"https:\/\/www.nkg.net\/de\/impressum\/","url":"https:\/\/www.nkg.net\/de\/impressum\/","name":"Impressum - Neumann Kaffee Gruppe (NKG)","isPartOf":{"@id":"https:\/\/www.nkg.net\/#website"},"datePublished":"2022-06-09T14:57:25+00:00","dateModified":"2025-03-28T13:30:47+00:00","breadcrumb":{"@id":"https:\/\/www.nkg.net\/de\/impressum\/#breadcrumb"},"inLanguage":"de","potentialAction":[{"@type":"ReadAction","target":["https:\/\/www.nkg.net\/de\/impressum\/"]}]},{"@type":"BreadcrumbList","@id":"https:\/\/www.nkg.net\/de\/impressum\/#breadcrumb","itemListElement":[{"@type":"ListItem","position":1,"name":"Home","item":"https:\/\/www.nkg.net\/de\/"},{"@type":"ListItem","position":2,"name":"Impressum"}]},{"@type":"WebSite","@id":"https:\/\/www.nkg.net\/#website","url":"https:\/\/www.nkg.net\/","name":"Neumann Kaffee Gruppe (NKG)","description":"Neumann Kaffee Gruppe (NKG) is the world&#039;s leading green coffee service group.","publisher":{"@id":"https:\/\/www.nkg.net\/#organization"},"potentialAction":[{"@type":"SearchAction","target":{"@type":"EntryPoint","urlTemplate":"https:\/\/www.nkg.net\/?s={search_term_string}"},"query-input":{"@type":"PropertyValueSpecification","valueRequired":true,"valueName":"search_term_string"}}],"inLanguage":"de"},{"@type":"Organization","@id":"https:\/\/www.nkg.net\/#organization","name":"Neumann Kaffee Gruppe (NKG)","url":"https:\/\/www.nkg.net\/","logo":{"@type":"ImageObject","inLanguage":"de","@id":"https:\/\/www.nkg.net\/#\/schema\/logo\/image\/","url":"https:\/\/www.nkg.net\/wp-content\/uploads\/2021\/09\/NKG_Logo_left-1.svg","contentUrl":"https:\/\/www.nkg.net\/wp-content\/uploads\/2021\/09\/NKG_Logo_left-1.svg","width":"1024","height":"1024","caption":"Neumann Kaffee Gruppe (NKG)"},"image":{"@id":"https:\/\/www.nkg.net\/#\/schema\/logo\/image\/"},"sameAs":["https:\/\/de.linkedin.com\/company\/neumann-kaffee-gruppe","https:\/\/www.xing.com\/pages\/neumanngruppegmbh","https:\/\/vimeo.com\/user83409017"]}]}},"_links":{"self":[{"href":"https:\/\/www.nkg.net\/de\/wp-json\/wp\/v2\/pages\/27381","targetHints":{"allow":["GET"]}}],"collection":[{"href":"https:\/\/www.nkg.net\/de\/wp-json\/wp\/v2\/pages"}],"about":[{"href":"https:\/\/www.nkg.net\/de\/wp-json\/wp\/v2\/types\/page"}],"author":[{"embeddable":true,"href":"https:\/\/www.nkg.net\/de\/wp-json\/wp\/v2\/users\/4"}],"replies":[{"embeddable":true,"href":"https:\/\/www.nkg.net\/de\/wp-json\/wp\/v2\/comments?post=27381"}],"version-history":[{"count":20,"href":"https:\/\/www.nkg.net\/de\/wp-json\/wp\/v2\/pages\/27381\/revisions"}],"predecessor-version":[{"id":44736,"href":"https:\/\/www.nkg.net\/de\/wp-json\/wp\/v2\/pages\/27381\/revisions\/44736"}],"wp:attachment":[{"href":"https:\/\/www.nkg.net\/de\/wp-json\/wp\/v2\/media?parent=27381"}],"curies":[{"name":"wp","href":"https:\/\/api.w.org\/{rel}","templated":true}]}}